{"id":98,"date":"2018-10-04T11:51:16","date_gmt":"2018-10-04T11:51:16","guid":{"rendered":"https:\/\/multibrokers.com\/?page_id=98"},"modified":"2019-05-14T10:37:12","modified_gmt":"2019-05-14T10:37:12","slug":"novedades","status":"publish","type":"page","link":"https:\/\/multibrokers.com\/es\/novedades\/","title":{"rendered":"G.Riesgos"},"content":{"rendered":"<p>En MultiBrokers tenemos como \u00fanico objetivo ofrecer a cada cliente un servicio \u00e1gil y eficaz, mediante una atenci\u00f3n profesional y personalizada, trabajando con entusiasmo para hacerlo posible.<\/p>\n<p><strong>Gerencia de riesgos<\/strong><\/p>\n<p>Identificamos y analizamos los riesgos a los que est\u00e1 expuesto cada cliente, as\u00ed como su impacto y sus posibles consecuencias, asesor\u00e1ndole en:<\/p>\n<ul>\n<li>Adopci\u00f3n de medidas de prevenci\u00f3n y seguridad.<\/li>\n<li>Selecci\u00f3n de los riesgos a asegurar y los posibles niveles de autoseguro.<\/li>\n<li>Definici\u00f3n de los criterios de valoraci\u00f3n de activos.<\/li>\n<li>Planificar visitas peri\u00f3dicas para identificar los posibles nuevos riesgos o los cambios en los ya existentes, a fin de mantener su correcta cobertura.<\/li>\n<li>Confecci\u00f3n de un manual de seguros para:\n<ul>\n<li>Informar sobre el contenido de las p\u00f3lizas.<\/li>\n<li>Determinar un sistema de actuaci\u00f3n en caso de siniestro.<\/li>\n<li>Establecer un sistema de comunicaci\u00f3n entre todos los departamentos de la empresa.<\/li>\n<\/ul>\n<\/li>\n<\/ul>\n<p><strong>Programas de Seguros<\/strong><\/p>\n<p>Dise\u00f1amos y colocamos en el mercado asegurador tu programa de seguros:<\/p>\n<ul>\n<li>Asesorando a los asegurados sobre normas de actuaci\u00f3n para el control interno y la comunicaci\u00f3n inmediata de las posibles variaciones y agravaciones de los riesgos.<\/li>\n<li>Negociando los contratos de seguros, de acuerdo con la situaci\u00f3n y evoluci\u00f3n del sector asegurador y teniendo en cuenta la especializaci\u00f3n de las compa\u00f1\u00edas aseguradoras.<\/li>\n<li>Adaptando las cl\u00e1usulas y las condiciones de los contratos a las necesidades espec\u00edficas.<\/li>\n<li>Administrando las p\u00f3lizas de seguros contratadas, cuidando de su actualizaci\u00f3n seg\u00fan las necesidades de cada momento y del pago de las primas correspondientes.<\/li>\n<\/ul>\n<p><strong>Gesti\u00f3n de Siniestros<\/strong><\/p>\n<ul>\n<li>Tramitando y asesorando en la gesti\u00f3n de siniestros, a fin de que el cobro de las indemnizaciones se produzca lo antes posible y de acuerdo con lo establecido en el marco de la p\u00f3liza.<\/li>\n<li>Trasladando a la compa\u00f1\u00eda aseguradora la comunicaci\u00f3n de la ocurrencia del siniestro.<\/li>\n<li>Asesorando durante la peritaci\u00f3n de los da\u00f1os y tramitando la reclamaci\u00f3n de la correspondiente indemnizaci\u00f3n a la aseguradora.<\/li>\n<li>Auditando la exactitud del importe pagado por la entidad aseguradora seg\u00fan las condiciones del contrato.<\/li>\n<\/ul>\n<p><strong>En la gesti\u00f3n del siniestro es donde nuestro esfuerzo se ve recompensado.<\/strong><\/p>\n<p><strong>\u00a0<\/strong>Para que un siniestro se indemnice de modo que la satisfacci\u00f3n de nuestro cliente sea completa, es imprescindible:<\/p>\n<ul>\n<li>Que el contrato cubra los riesgos y los capitales correctos, para ello es fundamental que durante toda la vida del seguro, este se revise peri\u00f3dicamente adecu\u00e1ndolo a la realidad de cada momento.<\/li>\n<li>Durante la tramitaci\u00f3n del siniestro nos hemos de emplear a fondo para que ning\u00fan detalle sea pasado por alto.<\/li>\n<\/ul>\n<p>&nbsp;<\/p>\n<p>Un ejemplo de siniestro que siempre hemos llevado con orgullo, es el de un incendio en una industria pl\u00e1stica de Poliny\u00e0:<\/p>\n<p>Se produjo un incendio en el almac\u00e9n de la empresa as\u00ed como en una planta de fabricaci\u00f3n, reduciendo a cenizas y escombros la totalidad del almac\u00e9n y de la planta.<\/p>\n<p>Por el hecho de estar perfectamente asegurado el riesgo y tras el seguimiento del siniestro apoyando a la empresa y al perito de parte, contratado para defender los intereses de nuestro asegurado, se pudo volver a levantar la f\u00e1brica y el almac\u00e9n, sin que la empresa sufriese perdida de negocio, ni tuviese que tomar medidas como un ERE para poder volver a funcionar como antes del incendio.<\/p>\n<p>Hay que tener en cuenta que,\u00a0para que un seguro funcione como esperamos, es imprescindible que el seguro se ajuste a la realidad, lo cual no s\u00f3lo es trabajo del corredor, sino que es necesario el buen hacer y la complicidad con nosotros por parte de la empresa asegurada. El contacto entre asegurado y corredur\u00eda ha de ser constante y fluido, de otro modo es imposible que cuando ocurra un sinestro la p\u00f3liza se adapte a las necesidades reales. El contrato de seguro ha de irse adaptando constantemente a los cambios de la empresa<\/p>\n<p>&nbsp;<\/p>\n<p>Empresa: NUPIK<\/p>\n<p>Importe del Siniestro: 40.000.000\u20ac<\/p>\n<p>Compa\u00f1\u00edas aseguradoras: Generali y Allianz<\/p>\n<p><img loading=\"lazy\" decoding=\"async\" class=\"aligncenter size-full wp-image-478\" src=\"https:\/\/multibrokers.com\/wp-content\/uploads\/2019\/02\/Nupik.jpg\" alt=\"\" width=\"289\" height=\"430\" srcset=\"https:\/\/multibrokers.com\/wp-content\/uploads\/2019\/02\/Nupik.jpg 289w, https:\/\/multibrokers.com\/wp-content\/uploads\/2019\/02\/Nupik-202x300.jpg 202w\" sizes=\"(max-width: 289px) 100vw, 289px\" \/><\/p>\n","protected":false},"excerpt":{"rendered":"<p>En MultiBrokers tenemos como \u00fanico objetivo ofrecer a cada cliente un servicio \u00e1gil y eficaz, mediante una atenci\u00f3n profesional y personalizada, trabajando con entusiasmo para hacerlo posible. Gerencia de riesgos Identificamos y analizamos los riesgos a los que est\u00e1 expuesto cada cliente, as\u00ed como su impacto y sus posibles consecuencias, asesor\u00e1ndole en: Adopci\u00f3n de medidas [&hellip;]<\/p>\n","protected":false},"author":2,"featured_media":0,"parent":0,"menu_order":0,"comment_status":"closed","ping_status":"closed","template":"","meta":{"footnotes":""},"class_list":["post-98","page","type-page","status-publish","hentry"],"_links":{"self":[{"href":"https:\/\/multibrokers.com\/es\/wp-json\/wp\/v2\/pages\/98"}],"collection":[{"href":"https:\/\/multibrokers.com\/es\/wp-json\/wp\/v2\/pages"}],"about":[{"href":"https:\/\/multibrokers.com\/es\/wp-json\/wp\/v2\/types\/page"}],"author":[{"embeddable":true,"href":"https:\/\/multibrokers.com\/es\/wp-json\/wp\/v2\/users\/2"}],"replies":[{"embeddable":true,"href":"https:\/\/multibrokers.com\/es\/wp-json\/wp\/v2\/comments?post=98"}],"version-history":[{"count":17,"href":"https:\/\/multibrokers.com\/es\/wp-json\/wp\/v2\/pages\/98\/revisions"}],"predecessor-version":[{"id":806,"href":"https:\/\/multibrokers.com\/es\/wp-json\/wp\/v2\/pages\/98\/revisions\/806"}],"wp:attachment":[{"href":"https:\/\/multibrokers.com\/es\/wp-json\/wp\/v2\/media?parent=98"}],"curies":[{"name":"wp","href":"https:\/\/api.w.org\/{rel}","templated":true}]}}