{"id":250,"date":"2018-10-31T13:51:21","date_gmt":"2018-10-31T13:51:21","guid":{"rendered":"https:\/\/multibrokers.com\/?page_id=250"},"modified":"2018-11-28T11:50:13","modified_gmt":"2018-11-28T11:50:13","slug":"quienes-somos","status":"publish","type":"page","link":"https:\/\/multibrokers.com\/es\/quienes-somos\/","title":{"rendered":"Quienes somos"},"content":{"rendered":"<p>&nbsp;<\/p>\n<p>Somos un \u00a0equipo de personas din\u00e1micas que trabajamos con un objetivo claro:<\/p>\n<p><strong><em>Ayudarte en los momentos dif\u00edciles.<\/em><\/strong><\/p>\n<p>Para cumplir nuestro objetivo queremos tener un di\u00e1logo fluido contigo y adecuar los productos a tus necesidades, porque sabemos que no todos tenemos las mismas inquietudes.<\/p>\n<p>Por ello queremos estar presentes en tu vida, para asesorarte en lo que necesites y darte soporte cuando alg\u00fan inconveniente trunque tu d\u00eda a d\u00eda.<\/p>\n<p>Nuestro esp\u00edritu inquieto hace que llevemos m\u00e1s de 30 a\u00f1os mejorando y adapt\u00e1ndonos a los cambios,\u00a0 para poder seguir d\u00e1ndote el mejor servicio.<\/p>\n<p>Nuestra mejor virtud es nuestra escala de valores. Anteponemos nuestros principios a todo.<\/p>\n","protected":false},"excerpt":{"rendered":"<p>&nbsp; Somos un \u00a0equipo de personas din\u00e1micas que trabajamos con un objetivo claro: Ayudarte en los momentos dif\u00edciles. Para cumplir nuestro objetivo queremos tener un di\u00e1logo fluido contigo y adecuar los productos a tus necesidades, porque sabemos que no todos tenemos las mismas inquietudes. Por ello queremos estar presentes en tu vida, para asesorarte en [&hellip;]<\/p>\n","protected":false},"author":2,"featured_media":0,"parent":0,"menu_order":0,"comment_status":"closed","ping_status":"closed","template":"","meta":{"footnotes":""},"class_list":["post-250","page","type-page","status-publish","hentry"],"_links":{"self":[{"href":"https:\/\/multibrokers.com\/es\/wp-json\/wp\/v2\/pages\/250"}],"collection":[{"href":"https:\/\/multibrokers.com\/es\/wp-json\/wp\/v2\/pages"}],"about":[{"href":"https:\/\/multibrokers.com\/es\/wp-json\/wp\/v2\/types\/page"}],"author":[{"embeddable":true,"href":"https:\/\/multibrokers.com\/es\/wp-json\/wp\/v2\/users\/2"}],"replies":[{"embeddable":true,"href":"https:\/\/multibrokers.com\/es\/wp-json\/wp\/v2\/comments?post=250"}],"version-history":[{"count":28,"href":"https:\/\/multibrokers.com\/es\/wp-json\/wp\/v2\/pages\/250\/revisions"}],"predecessor-version":[{"id":354,"href":"https:\/\/multibrokers.com\/es\/wp-json\/wp\/v2\/pages\/250\/revisions\/354"}],"wp:attachment":[{"href":"https:\/\/multibrokers.com\/es\/wp-json\/wp\/v2\/media?parent=250"}],"curies":[{"name":"wp","href":"https:\/\/api.w.org\/{rel}","templated":true}]}}