{"id":246,"date":"2018-10-31T12:36:58","date_gmt":"2018-10-31T12:36:58","guid":{"rendered":"https:\/\/multibrokers.com\/?page_id=246"},"modified":"2019-03-18T13:57:17","modified_gmt":"2019-03-18T13:57:17","slug":"politica-de-privacidad","status":"publish","type":"page","link":"https:\/\/multibrokers.com\/es\/politica-de-privacidad\/","title":{"rendered":"Pol\u00edtica de Privacidad"},"content":{"rendered":"<h6 style=\"background: 0px 0px #ffffff; margin: 0px; padding: 0px 0px 1em; outline: 0px; border: 0px currentColor; text-align: justify; color: #666666; text-transform: none; text-indent: 0px; letter-spacing: normal; font-family: 'Open Sans', Arial, sans-serif; font-size: 14px; font-style: normal; font-weight: 500; word-spacing: 0px; vertical-align: baseline; white-space: normal; box-sizing: border-box; orphans: 2; widows: 2; font-variant-ligatures: normal; font-variant-caps: normal; -webkit-text-stroke-width: 0px; text-decoration-style: initial; text-decoration-color: initial;\"><span style=\"font-family: georgia,palatino,serif; font-size: 10pt;\"><strong>REGLAMENTO EUROPEO DE PROTECCI\u00d3N DE DATOS<\/strong><\/span><\/h6>\n<h6 style=\"background: 0px 0px #ffffff; margin: 0px; padding: 0px 0px 1em; outline: 0px; border: 0px currentColor; text-align: justify; color: #666666; text-transform: none; text-indent: 0px; letter-spacing: normal; font-family: 'Open Sans', Arial, sans-serif; font-size: 14px; font-style: normal; font-weight: 500; word-spacing: 0px; vertical-align: baseline; white-space: normal; box-sizing: border-box; orphans: 2; widows: 2; font-variant-ligatures: normal; font-variant-caps: normal; -webkit-text-stroke-width: 0px; text-decoration-style: initial; text-decoration-color: initial;\"><span style=\"font-family: georgia,palatino,serif; font-size: 10pt;\"><strong>RESPONSABLE DE LOS DATOS<\/strong><\/span><\/h6>\n<h6><span style=\"font-size: 8pt;\"><strong>Nombre: \u00a0\u00a0\u00a0\u00a0\u00a0\u00a0\u00a0\u00a0 Multibrokers Catalanes Corredur\u00eda de Seguros, S.L.<\/strong><\/span><\/h6>\n<h6><span style=\"font-size: 8pt;\"><strong>CIF\u00a0\u00a0\u00a0\u00a0\u00a0\u00a0\u00a0\u00a0\u00a0\u00a0\u00a0\u00a0\u00a0\u00a0\u00a0\u00a0\u00a0\u00a0\u00a0\u00a0B58448101<\/strong><\/span><\/h6>\n<h6><span style=\"font-size: 8pt;\"><strong>Direcci\u00f3n:\u00a0\u00a0\u00a0\u00a0\u00a0\u00a0\u00a0 Balmes, 195, 4\u00ba4\u00aa<\/strong><\/span><\/h6>\n<h6><span style=\"font-size: 8pt;\"><strong>Tel\u00e9fono:\u00a0\u00a0\u00a0\u00a0\u00a0\u00a0\u00a0\u00a0 93 238 61 90<\/strong><\/span><\/h6>\n<h6><span style=\"font-size: 8pt;\"><strong>Mail:\u00a0\u00a0\u00a0\u00a0\u00a0\u00a0\u00a0\u00a0\u00a0\u00a0\u00a0\u00a0\u00a0\u00a0\u00a0 \u00a0multibrokers@multibrokers.com<\/strong><\/span><\/h6>\n<h6><span style=\"font-size: 8pt;\"><strong>Finalidad<\/strong><\/span><\/h6>\n<h6><span style=\"font-size: 8pt;\">Los datos por Ud proporcionados ser\u00e1n utilizados a fin de:<\/span><\/h6>\n<ol>\n<li>\n<h6><span style=\"font-size: 8pt;\"><strong><u>Gestionar sus seguros<\/u><\/strong><\/span><\/h6>\n<ul>\n<li>\n<h6><span style=\"font-size: 8pt;\">Intermediar, contratar, gestionar o extinguir sus p\u00f3lizas de seguro en su nombre e inter\u00e9s, as\u00ed como tramitar sus siniestros y proporcionarle\u00a0asesoramiento y ofertas en materia de seguros de toda \u00edndole. Celebrar nuevos contratos de seguro con cualesquier entidades de seguro y\/o reaseguro que Multibrokers Catalanes Corredur\u00eda de Seguros, S.L. estime conveniente en cada momento, con el prop\u00f3sito de obtener las mejores condiciones para usted.<\/span><\/h6>\n<\/li>\n<li>\n<h6><span style=\"font-size: 8pt;\">Ceder sus datos a cualquier entidad aseguradora y\/o reaseguradora distinta de aquella con la que se encuentran contratadas sus p\u00f3lizas actualmente para colocar los riesgos en la compa\u00f1\u00eda que m\u00e1s se adecue a sus necesidades. As\u00ed como ceder sus datos a Peritos, Gabinetes Periciales y\/o Talleres para la gesti\u00f3n de sus siniestros.<\/span><\/h6>\n<\/li>\n<li>\n<h6><span style=\"font-size: 8pt;\">Efectuar prospecciones comerciales, publicitarias o promocionales de cualquier entidad con la que Multibrokers Catalanes Corredur\u00eda de Seguros, S.L. formalice acuerdos de colaboraci\u00f3n y\/o de la propia Multibrokers Catalanes Corredur\u00eda de Seguros, S.L., o de cualquier otra entidad de su grupo empresarial o participado por \u00e9sta.<\/span><\/h6>\n<\/li>\n<li>\n<h6><span style=\"font-size: 8pt;\">Conservar sus datos personales de p\u00f3lizas que no tiene en vigor durante la vigencia de la cobertura de la p\u00f3liza y para gestionar siniestros, por los plazos en el que obliga la ley.<\/span><\/h6>\n<\/li>\n<\/ul>\n<\/li>\n<\/ol>\n<h6><span style=\"font-size: 8pt;\">Y todo ello podr\u00e1 gestionarlo por medios orales, escritos y\/o electr\u00f3nicos y digitales.<\/span><\/h6>\n<ol start=\"2\">\n<li>\n<h6><span style=\"font-size: 8pt;\"><strong><u>Promocionar nuestros servicios<\/u><\/strong><\/span><\/h6>\n<\/li>\n<\/ol>\n<ul>\n<li>\n<h6><span style=\"font-size: 8pt;\">Proporcionarle informaci\u00f3n de nuevos productos y servicios<\/span><\/h6>\n<\/li>\n<\/ul>\n<h6><span style=\"font-size: 8pt;\">Elaboraremos perfiles comerciales en base a la informaci\u00f3n facilitada a fin de ajustar los servicios y ofertas, no adopt\u00e1ndose nunca decisiones automatizadas en base a los perfiles.<\/span><\/h6>\n<h6><span style=\"font-size: 8pt;\">Los datos se conservar\u00e1n mientras se mantenga la relaci\u00f3n comercial y tras la finalizaci\u00f3n de la misma, hasta que solicite la cancelaci\u00f3n de sus datos, con el objeto de remitirle ofertas que pudieran ser de su inter\u00e9s y reanudar la relaci\u00f3n profesional.<\/span><\/h6>\n<ol start=\"3\">\n<li>\n<h6><span style=\"font-size: 8pt;\"><strong><u>Legitimaci\u00f3n<\/u><\/strong><\/span><\/h6>\n<\/li>\n<\/ol>\n<h6><span style=\"font-size: 8pt;\">Los datos de que disponemos son los necesarios para llevar la efectiva intermediaci\u00f3n de los contratos de seguros que ha contratado con una o m\u00e1s aseguradoras a trav\u00e9s de nuestra corredur\u00eda, teniendo por nuestra parte la consideraci\u00f3n de responsables de los datos de conformidad con lo previsto en la Ley 26\/2006 de 27 de Julio de Mediaci\u00f3n en seguros.<\/span><\/h6>\n<h6><span style=\"font-size: 8pt;\"><strong>Destinatarios<\/strong><\/span><\/h6>\n<h6><span style=\"font-size: 8pt;\">Los datos ser\u00e1n comunicados a las Entidades Aseguradoras, gabinetes periciales y\/o asesores que pudieran ser precisos para la obtenci\u00f3n de los estudios de los riesgos propuestos, su contrataci\u00f3n o la gesti\u00f3n de sus siniestros.<\/span><\/h6>\n<h6><span style=\"font-size: 8pt;\">Igualmente, sus datos tambi\u00e9n podr\u00e1n ser compartidos con otras empresas del grupo y\/o empresas participadas por esta, para su gesti\u00f3n con fines administrativos de mediaci\u00f3n, control interno, gesti\u00f3n de sus contratos y siniestros, incluido el tratamiento de datos personales de clientes o empleados.<\/span><\/h6>\n<h6><span style=\"font-size: 8pt;\"><strong>Derechos<\/strong><\/span><\/h6>\n<h6><span style=\"font-size: 8pt;\">Cualquier persona tiene derecho a obtener confirmaci\u00f3n sobre si en la corredur\u00eda estamos tratando datos personales que les conciernan, o no. Las personas interesadas tienen derecho a\u00a0acceder a sus datos personales, as\u00ed como a solicitar la rectificaci\u00f3n de los datos inexactos o, en su caso, solicitar su supresi\u00f3n cuando, entre otros motivos, los datos ya no sean necesarios para los fines que fueron recogidos.<\/span><\/h6>\n<h6><span style=\"font-size: 8pt;\">En determinadas circunstancias, los interesados podr\u00e1n solicitar la limitaci\u00f3n del tratamiento de sus datos, en cuyo caso \u00fanicamente los conservaremos para la defensa de sus intereses en la gesti\u00f3n de los contratos de seguros intermediados por el responsable del fichero<\/span><\/h6>\n<h6><span style=\"font-size: 8pt;\">En determinadas circunstancias y por motivos relacionados con su situaci\u00f3n particular, los interesados podr\u00e1n oponerse al tratamiento de sus datos. Nuestra corredur\u00eda dejar\u00e1 de tratar los datos, salvo por motivos leg\u00edtimos imperiosos, o el ejercicio o la defensa de posibles reclamaciones. Usted puede ejercer sus derechos de acceso, rectificaci\u00f3n o cancelaci\u00f3n.<\/span><\/h6>\n<h6><span style=\"font-size: 8pt;\">Si no desea recibir comunicaciones promocionales de nuestra empresa por alguno o todos los medios de comunicaci\u00f3n, puede comunicar su deseo de oponerse a la finalidad de promoci\u00f3n de nuestros productos y servicios, lo que no ir\u00e1 en detrimento de mantener el fin\u00a0de gestionar los contratos de seguros intermediados por el responsable del fichero.<\/span><\/h6>\n<h6><span style=\"font-size: 8pt;\">Usted podr\u00e1 solicitar la portabilidad de sus datos, si as\u00ed lo estima conveniente a otro corredor o entidad aseguradora<\/span><\/h6>\n<h6><span style=\"font-size: 8pt;\">En el ejercicio de los derechos precedentes puede dirigirse a nuestras oficinas cuya direcci\u00f3n puede encontrar en nuestro portal\u00a0<a href=\"http:\/\/www.multibrokers.es\">www.multibrokers.es<\/a>, aportando siempre una copia de su NIF. La respuesta al ejercicio de derechos se realizar\u00e1 al domicilio que figure en los contratos suscritos con nuestra corredur\u00eda.<\/span><\/h6>\n<h6><span style=\"font-size: 8pt;\">En caso de que no atendamos al ejercicio de derechos expresados en este apartado, Ud est\u00e1 facultado para acudir a nuestro delegado de protecci\u00f3n de datos, quien velar\u00e1 por sus intereses o presentar una reclamaci\u00f3n ante la agencia de protecci\u00f3n de datos, Ud. Dispone de toda la informaci\u00f3n a efectos de esta reclamaci\u00f3n en la p\u00e1gina\u00a0<u><a href=\"http:\/\/www.agpd.es\/\">www.agpd.es<\/a><\/u><\/span><\/h6>\n<h6><span style=\"font-size: 8pt;\"><strong>Procedencia de los datos<\/strong><\/span><\/h6>\n<h6><span style=\"font-size: 8pt;\">Los datos de que disponemos son los que nos fueron proporcionados en el momento de la contrataci\u00f3n de las p\u00f3lizas o petici\u00f3n de las tarificaciones, as\u00ed como los datos derivados de las gestiones del contrato, las renovaciones de p\u00f3lizas o siniestros acontecidos en la vigencia del contrato.<\/span><\/h6>\n<h6><span style=\"font-size: 8pt;\">En algunos casos los datos b\u00e1sicos para la tarificaci\u00f3n de un riesgo han podido ser proporcionados por un colectivo, previa autorizaci\u00f3n de sus miembros, en estos casos los datos solo se utilizar\u00e1n conforme a las indicaciones de los representantes del colectivo y dichos datos ser\u00e1n eliminados si as\u00ed lo requieren los acuerdos con el colectivo, salvo para aquellos titulares de datos para los que se intermedien otros contratos de seguros, en cuyo caso los derechos se regir\u00e1n por el apartado anterior.<\/span><\/h6>\n<h6><\/h6>\n","protected":false},"excerpt":{"rendered":"<p>REGLAMENTO EUROPEO DE PROTECCI\u00d3N DE DATOS RESPONSABLE DE LOS DATOS Nombre: \u00a0\u00a0\u00a0\u00a0\u00a0\u00a0\u00a0\u00a0 Multibrokers Catalanes Corredur\u00eda de Seguros, S.L. CIF\u00a0\u00a0\u00a0\u00a0\u00a0\u00a0\u00a0\u00a0\u00a0\u00a0\u00a0\u00a0\u00a0\u00a0\u00a0\u00a0\u00a0\u00a0\u00a0\u00a0B58448101 Direcci\u00f3n:\u00a0\u00a0\u00a0\u00a0\u00a0\u00a0\u00a0 Balmes, 195, 4\u00ba4\u00aa Tel\u00e9fono:\u00a0\u00a0\u00a0\u00a0\u00a0\u00a0\u00a0\u00a0 93 238 61 90 Mail:\u00a0\u00a0\u00a0\u00a0\u00a0\u00a0\u00a0\u00a0\u00a0\u00a0\u00a0\u00a0\u00a0\u00a0\u00a0 \u00a0multibrokers@multibrokers.com Finalidad Los datos por Ud proporcionados ser\u00e1n utilizados a fin de: Gestionar sus seguros Intermediar, contratar, gestionar o extinguir sus p\u00f3lizas de seguro en su [&hellip;]<\/p>\n","protected":false},"author":2,"featured_media":0,"parent":0,"menu_order":0,"comment_status":"closed","ping_status":"closed","template":"","meta":{"footnotes":""},"class_list":["post-246","page","type-page","status-publish","hentry"],"_links":{"self":[{"href":"https:\/\/multibrokers.com\/es\/wp-json\/wp\/v2\/pages\/246"}],"collection":[{"href":"https:\/\/multibrokers.com\/es\/wp-json\/wp\/v2\/pages"}],"about":[{"href":"https:\/\/multibrokers.com\/es\/wp-json\/wp\/v2\/types\/page"}],"author":[{"embeddable":true,"href":"https:\/\/multibrokers.com\/es\/wp-json\/wp\/v2\/users\/2"}],"replies":[{"embeddable":true,"href":"https:\/\/multibrokers.com\/es\/wp-json\/wp\/v2\/comments?post=246"}],"version-history":[{"count":14,"href":"https:\/\/multibrokers.com\/es\/wp-json\/wp\/v2\/pages\/246\/revisions"}],"predecessor-version":[{"id":620,"href":"https:\/\/multibrokers.com\/es\/wp-json\/wp\/v2\/pages\/246\/revisions\/620"}],"wp:attachment":[{"href":"https:\/\/multibrokers.com\/es\/wp-json\/wp\/v2\/media?parent=246"}],"curies":[{"name":"wp","href":"https:\/\/api.w.org\/{rel}","templated":true}]}}