{"id":203,"date":"2018-10-31T11:58:47","date_gmt":"2018-10-31T11:58:47","guid":{"rendered":"https:\/\/multibrokers.com\/?page_id=203"},"modified":"2019-02-21T12:40:25","modified_gmt":"2019-02-21T12:40:25","slug":"oferta-adaptada","status":"publish","type":"page","link":"https:\/\/multibrokers.com\/es\/oferta-adaptada\/","title":{"rendered":"Oferta adaptada"},"content":{"rendered":"<p><img loading=\"lazy\" decoding=\"async\" class=\"wp-image-376 alignleft\" src=\"https:\/\/multibrokers.com\/wp-content\/uploads\/2018\/11\/blackboard-business-chalkboard-355988.jpg\" alt=\"\" width=\"228\" height=\"152\" srcset=\"https:\/\/multibrokers.com\/wp-content\/uploads\/2018\/11\/blackboard-business-chalkboard-355988.jpg 4300w, https:\/\/multibrokers.com\/wp-content\/uploads\/2018\/11\/blackboard-business-chalkboard-355988-300x200.jpg 300w, https:\/\/multibrokers.com\/wp-content\/uploads\/2018\/11\/blackboard-business-chalkboard-355988-768x511.jpg 768w, https:\/\/multibrokers.com\/wp-content\/uploads\/2018\/11\/blackboard-business-chalkboard-355988-1024x682.jpg 1024w\" sizes=\"(max-width: 228px) 100vw, 228px\" \/>Buscamos el mejor seguro para ti, ya seas particular o empresa, con la mayor oferta del mercado y con las compa\u00f1\u00edas m\u00e1s adecuadas.<\/p>\n<p>Nuestro objetivo no es vender, es asesorarte en tus necesidades.<\/p>\n<p>Tu tranquilidad es nuestra raz\u00f3n de ser.<\/p>\n<p>&nbsp;<\/p>\n","protected":false},"excerpt":{"rendered":"<p>Buscamos el mejor seguro para ti, ya seas particular o empresa, con la mayor oferta del mercado y con las compa\u00f1\u00edas m\u00e1s adecuadas. Nuestro objetivo no es vender, es asesorarte en tus necesidades. Tu tranquilidad es nuestra raz\u00f3n de ser. &nbsp;<\/p>\n","protected":false},"author":2,"featured_media":0,"parent":0,"menu_order":0,"comment_status":"closed","ping_status":"closed","template":"","meta":{"footnotes":""},"class_list":["post-203","page","type-page","status-publish","hentry"],"_links":{"self":[{"href":"https:\/\/multibrokers.com\/es\/wp-json\/wp\/v2\/pages\/203"}],"collection":[{"href":"https:\/\/multibrokers.com\/es\/wp-json\/wp\/v2\/pages"}],"about":[{"href":"https:\/\/multibrokers.com\/es\/wp-json\/wp\/v2\/types\/page"}],"author":[{"embeddable":true,"href":"https:\/\/multibrokers.com\/es\/wp-json\/wp\/v2\/users\/2"}],"replies":[{"embeddable":true,"href":"https:\/\/multibrokers.com\/es\/wp-json\/wp\/v2\/comments?post=203"}],"version-history":[{"count":8,"href":"https:\/\/multibrokers.com\/es\/wp-json\/wp\/v2\/pages\/203\/revisions"}],"predecessor-version":[{"id":494,"href":"https:\/\/multibrokers.com\/es\/wp-json\/wp\/v2\/pages\/203\/revisions\/494"}],"wp:attachment":[{"href":"https:\/\/multibrokers.com\/es\/wp-json\/wp\/v2\/media?parent=203"}],"curies":[{"name":"wp","href":"https:\/\/api.w.org\/{rel}","templated":true}]}}