{"id":114,"date":"2018-10-05T12:18:45","date_gmt":"2018-10-05T12:18:45","guid":{"rendered":"https:\/\/multibrokers.com\/?page_id=114"},"modified":"2019-05-14T10:06:52","modified_gmt":"2019-05-14T10:06:52","slug":"seguros-empresa","status":"publish","type":"page","link":"https:\/\/multibrokers.com\/es\/seguros-empresa\/","title":{"rendered":"Seguros Empresas"},"content":{"rendered":"<p><strong>Empresas<\/strong><\/p>\n<p>Somos corredores, por ello tenemos acceso a todas las compa\u00f1\u00edas y a todos los productos aseguradores que existen en el mercado. Esto nos permite ajustar las garant\u00edas a la verdadera necesidad de la empresa, tras un estudio en profundidad de su empresa, ofertaremos lo que en nuestra opini\u00f3n se ajuste m\u00e1s a la realidad.<\/p>\n<p>En muchas ocasiones nos encontramos con contratos que aseguran garant\u00edas que no son necesarias para el tipo de empresa que estudiamos y, lo que es m\u00e1s grave, encontramos carencias o c\u00e1lculos de capitales mal efectuados que, en caso de siniestro, podr\u00edan llevar a la empresa al cierre.<\/p>\n<p>Nos avala la experiencia y la preparaci\u00f3n t\u00e9cnica de nuestro equipo, siempre nos hemos definido como una corredur\u00eda centrada en la capacitaci\u00f3n t\u00e9cnica, para poder ofrecer en cada ocasi\u00f3n lo que es realmente necesario, sin dejarnos ofuscar por productos comercialmente muy atractivos, pero que pueden ocultar carencias muy importantes.<\/p>\n<ul>\n<li>Comercio y Oficinas<\/li>\n<li>Seguro de Cr\u00e9dito<\/li>\n<li>Cauci\u00f3n<\/li>\n<li>P\u00e9rdidas de Explotaci\u00f3n<\/li>\n<li>Da\u00f1os Materiales<\/li>\n<li>Transporte de Mercanc\u00edas<\/li>\n<li>Flotas de Veh\u00edculos<\/li>\n<li>Ordenadores e Instalaciones Electr\u00f3nicas<\/li>\n<li>Aver\u00eda de Maquinaria<\/li>\n<li>Todo Riesgo Construcci\u00f3n y Montaje<\/li>\n<li>Garant\u00eda Decenal de Da\u00f1os a la Edificaci\u00f3n<\/li>\n<li>Responsabilidad Civil General<\/li>\n<li>Responsabilidad Civil Profesional<\/li>\n<li>Responsabilidad Civil Consejeros y Directivos<\/li>\n<\/ul>\n","protected":false},"excerpt":{"rendered":"<p>Empresas Somos corredores, por ello tenemos acceso a todas las compa\u00f1\u00edas y a todos los productos aseguradores que existen en el mercado. Esto nos permite ajustar las garant\u00edas a la verdadera necesidad de la empresa, tras un estudio en profundidad de su empresa, ofertaremos lo que en nuestra opini\u00f3n se ajuste m\u00e1s a la realidad. [&hellip;]<\/p>\n","protected":false},"author":2,"featured_media":0,"parent":0,"menu_order":0,"comment_status":"closed","ping_status":"closed","template":"","meta":{"footnotes":""},"class_list":["post-114","page","type-page","status-publish","hentry"],"_links":{"self":[{"href":"https:\/\/multibrokers.com\/es\/wp-json\/wp\/v2\/pages\/114"}],"collection":[{"href":"https:\/\/multibrokers.com\/es\/wp-json\/wp\/v2\/pages"}],"about":[{"href":"https:\/\/multibrokers.com\/es\/wp-json\/wp\/v2\/types\/page"}],"author":[{"embeddable":true,"href":"https:\/\/multibrokers.com\/es\/wp-json\/wp\/v2\/users\/2"}],"replies":[{"embeddable":true,"href":"https:\/\/multibrokers.com\/es\/wp-json\/wp\/v2\/comments?post=114"}],"version-history":[{"count":11,"href":"https:\/\/multibrokers.com\/es\/wp-json\/wp\/v2\/pages\/114\/revisions"}],"predecessor-version":[{"id":778,"href":"https:\/\/multibrokers.com\/es\/wp-json\/wp\/v2\/pages\/114\/revisions\/778"}],"wp:attachment":[{"href":"https:\/\/multibrokers.com\/es\/wp-json\/wp\/v2\/media?parent=114"}],"curies":[{"name":"wp","href":"https:\/\/api.w.org\/{rel}","templated":true}]}}